{"id":2604,"date":"2021-10-19T19:38:26","date_gmt":"2021-10-19T19:38:26","guid":{"rendered":"https:\/\/teknopk.com\/%d8%aa%d9%88%d8%a7%d8%b5%d9%84-%d9%85%d8%b9%d9%86%d8%a7\/"},"modified":"2021-10-24T14:21:56","modified_gmt":"2021-10-24T14:21:56","slug":"%d8%aa%d9%88%d8%a7%d8%b5%d9%84-%d9%85%d8%b9%d9%86%d8%a7","status":"publish","type":"page","link":"https:\/\/teknopk.com\/ar\/%d8%aa%d9%88%d8%a7%d8%b5%d9%84-%d9%85%d8%b9%d9%86%d8%a7\/","title":{"rendered":"\u062a\u0648\u0627\u0635\u0644 \u0645\u0639\u0646\u0627"},"content":{"rendered":"<div class=\"wpb-content-wrapper\"><p>[vc_row css=&#8221;.vc_custom_1565770782473{margin-bottom: 0px !important;}&#8221;][vc_column][vc_column_text]<\/p>\n<div class=\"styled-subtitle\"><span style=\"color: #ffffff;\">\u0645\u0639\u0644\u0648\u0645\u0627\u062a \u0644\u0644\u062a\u0648\u0627\u0635\u0644:<\/span><\/div>\n<p>[\/vc_column_text]<div class=\"clearboth\"><\/div><style>#thegem-divider-69fa1ba8b13bf {margin-top: 30px !important;}<\/style><div id=\"thegem-divider-69fa1ba8b13bf\" class=\"gem-divider  \" style=\"\" ><\/div><div class=\"quickfinder quickfinder-style-classic row inline-row quickfinder-icon-position-top quickfinder-alignment-center quickfinder-title-bold\" data-hover-box-color=\"#384856\"><div id=\"post-2662\" data-ll-finish-delay=\"200\" class=\"quickfinder-item inline-column col-md-4 col-sm-6 col-xs-12 quickfinder-item-effect-border-reverse border-reverse-with-background icon-size-medium quickfinder-box-style-soft-outlined lazy-loading post-2662 thegem_qf_item type-thegem_qf_item status-publish\" data-ll-item-delay=\"0\"> <div class=\"quickfinder-item-box\" style=\"border-color: #384856;\"> <div class=\"quickfinder-item-inner\"> <div class=\"quickfinder-item-image\"> <div class=\"quickfinder-item-image-content lazy-loading-item\" data-ll-item-delay=\"0\" data-ll-effect=\"clip\"> <div class=\"quickfinder-item-image-wrapper\"> <div class=\"gem-icon gem-icon-pack-material gem-icon-size-medium gem-icon-shape-hexagon \" style=\"border-color: #2a3b49;border-color: #27ffe3;opacity: 1;\"><div class=\"gem-icon-shape-hexagon-back\"><div class=\"gem-icon-shape-hexagon-back-inner\"><div class=\"gem-icon-shape-hexagon-back-inner-before\" style=\"background-color: #27ffe3\"><\/div><\/div><\/div><div class=\"gem-icon-shape-hexagon-top\"><div class=\"gem-icon-shape-hexagon-top-inner\"><div class=\"gem-icon-shape-hexagon-top-inner-before\" style=\"background-color: #2a3b49;\"><\/div><\/div><\/div><div class=\"gem-icon-inner\" style=\"background-color: #2a3b49;\"><span class=\"gem-icon-half-1\" style=\"color: #27ffe3;\"><span class=\"back-angle\">&#xf3e4;<\/span><\/span><span class=\"gem-icon-half-2\" style=\"color: #27ffe3;\"><span class=\"back-angle\">&#xf3e4;<\/span><\/span><\/div><\/div> <\/div> <\/div> <\/div> <div class=\"quickfinder-item-info-wrapper\"> <div class=\"quickfinder-item-info lazy-loading-item\" data-ll-item-delay=\"200\" data-ll-effect=\"fading\"> <div class=\"quickfinder-item-title\" style=\"color: #fff;\">Our adress<\/div> <div class=\"quickfinder-item-text\" style=\"color: #99a9b5;\">233 Toyak i\u015f merkez\u0131, \u015eirinevler, Istanbul.<\/div> <\/div> <\/div> <\/div> <\/div> <a href=\"#\" target=\"_self\" class=\"quickfinder-item-link\" aria-label=\"Our adress\"><\/a> <\/div> <div id=\"post-2661\" data-ll-finish-delay=\"200\" class=\"quickfinder-item inline-column col-md-4 col-sm-6 col-xs-12 quickfinder-item-effect-border-reverse border-reverse-with-background icon-size-medium quickfinder-box-style-soft-outlined lazy-loading post-2661 thegem_qf_item type-thegem_qf_item status-publish\" data-ll-item-delay=\"0\"> <div class=\"quickfinder-item-box\" style=\"border-color: #384856;\"> <div class=\"quickfinder-item-inner\"> <div class=\"quickfinder-item-image\"> <div class=\"quickfinder-item-image-content lazy-loading-item\" data-ll-item-delay=\"0\" data-ll-effect=\"clip\"> <div class=\"quickfinder-item-image-wrapper\"> <div class=\"gem-icon gem-icon-pack-material gem-icon-size-medium gem-icon-shape-hexagon \" style=\"border-color: #2a3b49;border-color: #00cde7;opacity: 1;\"><div class=\"gem-icon-shape-hexagon-back\"><div class=\"gem-icon-shape-hexagon-back-inner\"><div class=\"gem-icon-shape-hexagon-back-inner-before\" style=\"background-color: #00cde7\"><\/div><\/div><\/div><div class=\"gem-icon-shape-hexagon-top\"><div class=\"gem-icon-shape-hexagon-top-inner\"><div class=\"gem-icon-shape-hexagon-top-inner-before\" style=\"background-color: #2a3b49;\"><\/div><\/div><\/div><div class=\"gem-icon-inner\" style=\"background-color: #2a3b49;\"><span class=\"gem-icon-half-1\" style=\"color: #00cde7;\"><span class=\"back-angle\">&#xf1f3;<\/span><\/span><span class=\"gem-icon-half-2\" style=\"color: #00cde7;\"><span class=\"back-angle\">&#xf1f3;<\/span><\/span><\/div><\/div> <\/div> <\/div> <\/div> <div class=\"quickfinder-item-info-wrapper\"> <div class=\"quickfinder-item-info lazy-loading-item\" data-ll-item-delay=\"200\" data-ll-effect=\"fading\"> <div class=\"quickfinder-item-title\" style=\"color: #fff;\">Our phones<\/div> <div class=\"quickfinder-item-text\" style=\"color: #99a9b5;\">Phone: +20100 9499236<br \/>\nMobile: +90553 9197591<br \/>\n<\/div> <\/div> <\/div> <\/div> <\/div> <a href=\"#\" target=\"_self\" class=\"quickfinder-item-link\" aria-label=\"Our phones\"><\/a> <\/div> <div id=\"post-2660\" data-ll-finish-delay=\"200\" class=\"quickfinder-item inline-column col-md-4 col-sm-6 col-xs-12 quickfinder-item-effect-border-reverse border-reverse-with-background icon-size-medium quickfinder-box-style-soft-outlined lazy-loading post-2660 thegem_qf_item type-thegem_qf_item status-publish\" data-ll-item-delay=\"0\"> <div class=\"quickfinder-item-box\" style=\"border-color: #384856;\"> <div class=\"quickfinder-item-inner\"> <div class=\"quickfinder-item-image\"> <div class=\"quickfinder-item-image-content lazy-loading-item\" data-ll-item-delay=\"0\" data-ll-effect=\"clip\"> <div class=\"quickfinder-item-image-wrapper\"> <div class=\"gem-icon gem-icon-pack-material gem-icon-size-medium gem-icon-shape-hexagon \" style=\"border-color: #2a3b49;border-color: #917bea;opacity: 1;\"><div class=\"gem-icon-shape-hexagon-back\"><div class=\"gem-icon-shape-hexagon-back-inner\"><div class=\"gem-icon-shape-hexagon-back-inner-before\" style=\"background-color: #917bea\"><\/div><\/div><\/div><div class=\"gem-icon-shape-hexagon-top\"><div class=\"gem-icon-shape-hexagon-top-inner\"><div class=\"gem-icon-shape-hexagon-top-inner-before\" style=\"background-color: #2a3b49;\"><\/div><\/div><\/div><div class=\"gem-icon-inner\" style=\"background-color: #2a3b49;\"><span class=\"gem-icon-half-1\" style=\"color: #917bea;\"><span class=\"back-angle\">&#xf118;<\/span><\/span><span class=\"gem-icon-half-2\" style=\"color: #917bea;\"><span class=\"back-angle\">&#xf118;<\/span><\/span><\/div><\/div> <\/div> <\/div> <\/div> <div class=\"quickfinder-item-info-wrapper\"> <div class=\"quickfinder-item-info lazy-loading-item\" data-ll-item-delay=\"200\" data-ll-effect=\"fading\"> <div class=\"quickfinder-item-title\" style=\"color: #fff;\">\u0633\u0627\u0639\u0627\u062a \u0627\u0644\u0639\u0645\u0644<\/div> <div class=\"quickfinder-item-text\" style=\"color: #99a9b5;\">\u0627\u0644\u062c\u0645\u0639\u0629 - \u0627\u0644\u0625\u062b\u0646\u064a\u0646: 9:00 - 18:00<br \/>\n\u0627\u0644\u0633\u0628\u062a - \u0627\u0644\u0623\u062d\u062f: \u0645\u063a\u0644\u0642<\/div> <\/div> <\/div> <\/div> <\/div> <a href=\"#\" target=\"_self\" class=\"quickfinder-item-link\" aria-label=\"\u0633\u0627\u0639\u0627\u062a \u0627\u0644\u0639\u0645\u0644\"><\/a> <\/div> <\/div><div class=\"clearboth\"><\/div><style>#thegem-divider-69fa1ba8b4a3c {margin-top: 45px !important;}<\/style><div id=\"thegem-divider-69fa1ba8b4a3c\" class=\"gem-divider  \" style=\"\" ><\/div>[vc_column_text]<\/p>\n<div class=\"styled-subtitle\" style=\"text-align: center;\"><strong><span style=\"color: #ffffff;\">\u062a\u0627\u0628\u0639\u0646\u0627 \u0639\u0628\u0631 \u0648\u0633\u0627\u0626\u0644 \u0627\u0644\u062a\u0648\u0627\u0635\u0644 \u0627\u0644\u0623\u062c\u062a\u0645\u0627\u0639\u064a<\/span><\/strong><\/div>\n<p>[\/vc_column_text]<div class=\"clearboth\"><\/div><style>#thegem-divider-69fa1ba8b4a6a {margin-top: 90px !important;}<\/style><div id=\"thegem-divider-69fa1ba8b4a6a\" class=\"gem-divider  \" style=\"\" ><\/div><div class=\"socials socials-list socials-colored-hover socials-default socials-alignment-center\"><a class=\"socials-item\" target=\"_blank\" href=\"#\" style=\"color: #ffffff;\" aria-label=\"facebook\"><i class=\"socials-item-icon facebook\" style=\"font-size: 32px\"><\/i><\/a><a class=\"socials-item\" target=\"_blank\" href=\"#\" style=\"color: #ffffff;\" aria-label=\"twitter\"><i class=\"socials-item-icon twitter\" style=\"font-size: 32px\"><\/i><\/a><a class=\"socials-item\" target=\"_blank\" href=\"#\" style=\"color: #ffffff;\" aria-label=\"googleplus\"><i class=\"socials-item-icon googleplus\" style=\"font-size: 32px\"><\/i><\/a><a class=\"socials-item\" target=\"_blank\" href=\"#\" style=\"color: #ffffff;\" aria-label=\"instagram\"><i class=\"socials-item-icon instagram\" style=\"font-size: 32px\"><\/i><\/a><a class=\"socials-item\" target=\"_blank\" href=\"#\" style=\"color: #ffffff;\" aria-label=\"youtube\"><i class=\"socials-item-icon youtube\" style=\"font-size: 32px\"><\/i><\/a><a class=\"socials-item\" target=\"_blank\" href=\"#\" style=\"color: #ffffff;\" aria-label=\"skype\"><i class=\"socials-item-icon skype\" style=\"font-size: 32px\"><\/i><\/a><a class=\"socials-item\" target=\"_blank\" href=\"#\" style=\"color: #ffffff;\" aria-label=\"linkedin\"><i class=\"socials-item-icon linkedin\" style=\"font-size: 32px\"><\/i><\/a><a class=\"socials-item\" target=\"_blank\" href=\"#\" style=\"color: #ffffff;\" aria-label=\"vimeo\"><i class=\"socials-item-icon vimeo\" style=\"font-size: 32px\"><\/i><\/a><\/div><div class=\"clearboth\"><\/div><style>#thegem-divider-69fa1ba8b4ae2 {margin-top: 85px !important;}<\/style><div id=\"thegem-divider-69fa1ba8b4ae2\" class=\"gem-divider  \" style=\"\" ><\/div><div id=\"fullwidth-block-69fa1ba8b4b12\" class=\"fullwidth-block clearfix\"  style=\"background-color: #2a3b49;\"><script type=\"text\/javascript\">if (typeof(gem_fix_fullwidth_position) == \"function\") { gem_fix_fullwidth_position(document.getElementById(\"fullwidth-block-69fa1ba8b4b12\")); }<\/script><div class=\"fullwidth-block-inner\"><\/div><div class=\"fullwidth-bottom-marker marker-direction-outside\"><svg width=\"140\" height=\"70\" style=\"fill: #2a3b49\"><path d=\"M 0,0 Q 65,5 70,70 Q 75,5 140,0\" \/><\/svg><\/div><\/div>[\/vc_column][\/vc_row][vc_row][vc_column]<div id=\"fullwidth-block-69fa1ba8b5453\" class=\"fullwidth-block clearfix\"  style=\"padding-top: 150px;padding-bottom: 90px;\"><script type=\"text\/javascript\">if (typeof(gem_fix_fullwidth_position) == \"function\") { gem_fix_fullwidth_position(document.getElementById(\"fullwidth-block-69fa1ba8b5453\")); }<\/script><div class=\"fullwidth-block-background\" style=\"background-image: url(https:\/\/teknopk.com\/wp-content\/uploads\/2019\/08\/2.jpg);background-repeat: no-repeat; background-size: cover;background-position: center top;\"><\/div><div class=\"fullwidth-block-inner\"><div class=\"container\"><div class=\"centered-box gem-image-centered-box\" ><div class=\"gem-image gem-wrapbox gem-wrapbox-style-default gem-wrapbox-position-centered  thegem-custom-69fa1ba8b54fb3929\"  style=\"\" ><div class=\"gem-wrapbox-inner \" ><img class=\"gem-wrapbox-element img-responsive\" src=\"\" alt=\"\"\/><\/div><style type=\"text\/css\">.thegem-custom-69fa1ba8b54fb3929.gem-image a:hover img {filter: brightness( 100% ) contrast( 100% ) saturate( 100% ) blur( 0px ) hue-rotate( 0deg );}<\/style><\/div><\/div><div class=\"clearboth\"><\/div><style>#thegem-divider-69fa1ba8b58b3 {margin-top: 85px !important;}<\/style><div id=\"thegem-divider-69fa1ba8b58b3\" class=\"gem-divider  \" style=\"\" ><\/div>[vc_column_text]<\/p>\n<div class=\"title-h1\" style=\"text-align: center;\"><span class=\"light\" style=\"color: #ffffff;\">\u0627\u0644\u062a\u0631\u064a\u0646\u062f\u0627\u062a \u062a\u0623\u062a\u064a \u0648\u062a\u0630\u0647\u0628.<\/span><\/div>\n<p>[\/vc_column_text][vc_column_text css=&#8221;.vc_custom_1458286433230{margin-top: -5px !important;}&#8221;]<\/p>\n<div class=\"title-h1\" style=\"text-align: center;\"><span class=\"light\" style=\"color: #ffffff;\">\u0627\u0644\u0645\u0627\u0633 \u0625\u0644\u0649 \u0627\u0644\u0623\u0628\u062f.<\/span><\/div>\n<p>[\/vc_column_text]<div class=\"clearboth\"><\/div><style>#thegem-divider-69fa1ba8b58de {margin-top: 340px !important;}<\/style><div id=\"thegem-divider-69fa1ba8b58de\" class=\"gem-divider  \" style=\"\" ><\/div>[vc_row_inner][vc_column_inner width=&#8221;1\/3&#8243; css=&#8221;.vc_custom_1565770526563{padding-right: 0px !important;padding-left: 0px !important;}&#8221;]<div class=\"gem-textbox  centered-box\"  ><div class=\"gem-textbox-inner\" style=\"\"><div class=\"gem-textbox-content\" style=\"background-position: center top;padding-left: 21px;padding-right: 21px;\"><div class=\"centered-box\"><div class=\"gem-icon gem-icon-pack-material gem-icon-size-small  gem-icon-shape-circle \"  style=\"border-color: rgba(0,212,170,0.01);margin-bottom: 60px;border-color: #10d7e5;opacity: 1;\"><div class=\"gem-icon-inner\" style=\"background-color: rgba(0,212,170,0.01);\"><span class=\"gem-icon-half-1\" style=\"color: #10d7e5;\"><span class=\"back-angle\">&#xf3e4;<\/span><\/span><span class=\"gem-icon-half-2\" style=\"color: #10d7e5;\"><span class=\"back-angle\">&#xf3e4;<\/span><\/span><\/div><\/div><\/div>[vc_column_text]<\/p>\n<div class=\"title-h5\" style=\"text-align: center;\"><span style=\"color: #10d7e5;\">USA <\/span><\/div>\n<p>[\/vc_column_text][vc_column_text css=&#8221;.vc_custom_1458237006862{margin-top: -10px !important;}&#8221;]<\/p>\n<div class=\"title-h6\" style=\"text-align: center;\"><span class=\"light\" style=\"color: #ffffff;\">\u0645\u0643\u062a\u0628 \u0639\u0627\u0645<\/span><\/div>\n<p>[\/vc_column_text]<div class=\"clearboth\"><\/div><style>#thegem-divider-69fa1ba8b59bd {margin-top: 35px !important;}<\/style><div id=\"thegem-divider-69fa1ba8b59bd\" class=\"gem-divider  \" style=\"\" ><\/div>[vc_column_text el_class=&#8221;item-1&#8243;]<\/p>\n<p style=\"text-align: center;\"><span style=\"color: #99a9b5;\">350 Rhode Island Street South Building, Suite 240 San Francisco,USA .<br \/>\n<\/span><\/p>\n<p>[\/vc_column_text]<\/div><\/div><\/div>[\/vc_column_inner][vc_column_inner width=&#8221;1\/3&#8243; css=&#8221;.vc_custom_1565770530507{padding-right: 0px !important;padding-left: 0px !important;}&#8221;]<div class=\"gem-textbox  centered-box\"  ><div class=\"gem-textbox-inner\" style=\"\"><div class=\"gem-textbox-content\" style=\"background-position: center top;padding-left: 21px;padding-right: 21px;\"><div class=\"centered-box\"><div class=\"gem-icon gem-icon-pack-material gem-icon-size-small  gem-icon-shape-circle \"  style=\"border-color: rgba(0,188,212,0.01);margin-bottom: 60px;border-color: #40dcc1;opacity: 1;\"><div class=\"gem-icon-inner\" style=\"background-color: rgba(0,188,212,0.01);\"><span class=\"gem-icon-half-1\" style=\"color: #40dcc1;\"><span class=\"back-angle\">&#xf3e4;<\/span><\/span><span class=\"gem-icon-half-2\" style=\"color: #40dcc1;\"><span class=\"back-angle\">&#xf3e4;<\/span><\/span><\/div><\/div><\/div>[vc_column_text]<\/p>\n<div class=\"title-h5\" style=\"text-align: center;\"><span style=\"color: #40dcc1;\">\u062a\u0631\u0643\u064a\u0627<\/span><\/div>\n<p>[\/vc_column_text][vc_column_text css=&#8221;.vc_custom_1458237339762{margin-top: -10px !important;}&#8221;]<\/p>\n<div class=\"title-h6\" style=\"text-align: center;\"><span class=\"light\" style=\"color: #ffffff;\">\u0645\u0643\u062a\u0628<\/span><\/div>\n<p>[\/vc_column_text]<div class=\"clearboth\"><\/div><style>#thegem-divider-69fa1ba8b5a61 {margin-top: 35px !important;}<\/style><div id=\"thegem-divider-69fa1ba8b5a61\" class=\"gem-divider  \" style=\"\" ><\/div>[vc_column_text el_class=&#8221;item-2&#8243;]<\/p>\n<p style=\"text-align: center;\"><span style=\"color: #99a9b5;\">233 Toyak i\u015f merkez\u0131, \u015eirinevler, Istanbul.<br \/>\n<\/span><\/p>\n<p>[\/vc_column_text]<\/div><\/div><\/div>[\/vc_column_inner][vc_column_inner width=&#8221;1\/3&#8243; css=&#8221;.vc_custom_1565770534386{padding-right: 0px !important;padding-left: 0px !important;}&#8221;]<div class=\"gem-textbox \"  ><div class=\"gem-textbox-inner\" style=\"\"><div class=\"gem-textbox-content\" style=\"background-position: center top;padding-left: 21px;padding-right: 21px;\"><div class=\"centered-box\"><div class=\"gem-icon gem-icon-pack-material gem-icon-size-small  gem-icon-shape-circle \"  style=\"border-color: rgba(40,180,255,0.01);margin-bottom: 60px;border-color: #5379e3;opacity: 1;\"><div class=\"gem-icon-inner\" style=\"background-color: rgba(40,180,255,0.01);\"><span class=\"gem-icon-half-1\" style=\"color: #5379e3;\"><span class=\"back-angle\">&#xf3e4;<\/span><\/span><span class=\"gem-icon-half-2\" style=\"color: #5379e3;\"><span class=\"back-angle\">&#xf3e4;<\/span><\/span><\/div><\/div><\/div>[vc_column_text]<\/p>\n<div class=\"title-h5\" style=\"text-align: center;\"><span style=\"color: #5379e3;\">\u0645\u0635\u0631<\/span><\/div>\n<p>[\/vc_column_text][vc_column_text css=&#8221;.vc_custom_1458237339762{margin-top: -10px !important;}&#8221;]<\/p>\n<div class=\"title-h6\" style=\"text-align: center;\"><span class=\"light\" style=\"color: #ffffff;\">\u0645\u0643\u062a\u0628<\/span><\/div>\n<p>[\/vc_column_text]<div class=\"clearboth\"><\/div><style>#thegem-divider-69fa1ba8b5b00 {margin-top: 35px !important;}<\/style><div id=\"thegem-divider-69fa1ba8b5b00\" class=\"gem-divider  \" style=\"\" ><\/div>[vc_column_text el_class=&#8221;item-3&#8243;]<\/p>\n<p style=\"text-align: center;\">120 Dokki, shehab, Giza, Egypt<\/p>\n<p style=\"text-align: center;\">\n<p>[\/vc_column_text]<\/div><\/div><\/div>[\/vc_column_inner][\/vc_row_inner]<\/div><\/div><\/div>[\/vc_column][\/vc_row][vc_row css=&#8221;.vc_custom_1565777566414{margin-bottom: 0px !important;}&#8221;][vc_column css=&#8221;.vc_custom_1565777655598{padding-top: 0px !important;}&#8221;]<div id=\"fullwidth-block-69fa1ba8b6100\" class=\"fullwidth-block clearfix\"  style=\"\"><script type=\"text\/javascript\">if (typeof(gem_fix_fullwidth_position) == \"function\") { gem_fix_fullwidth_position(document.getElementById(\"fullwidth-block-69fa1ba8b6100\")); }<\/script><div class=\"fullwidth-block-background\" style=\"background-image: url(https:\/\/teknopk.com\/wp-content\/uploads\/2019\/08\/12.jpg);background-repeat: no-repeat; background-size: cover;background-position: center top;\"><\/div><div class=\"fullwidth-block-inner\"><div class=\"container\"><div class=\"clearboth\"><\/div><style>#thegem-divider-69fa1ba8b618a {margin-top: 120px !important;}<\/style><div id=\"thegem-divider-69fa1ba8b618a\" class=\"gem-divider  \" style=\"\" ><\/div>[vc_column_text]<\/p>\n<div class=\"title-h4\" style=\"text-align: center;\"><span style=\"color: #ffffff;\">\u062c\u0627\u0647\u0632 \u0644\u0645\u0646\u0627\u0642\u0634\u0629 \u0627\u0644\u0645\u0634\u0631\u0648\u0639\u061f<\/span><\/div>\n<p>[\/vc_column_text]<div class=\"clearboth\"><\/div><style>#thegem-divider-69fa1ba8b61b7 {margin-top: 30px !important;}<\/style><div id=\"thegem-divider-69fa1ba8b61b7\" class=\"gem-divider  \" style=\"\" ><\/div>[vc_column_text]<\/p>\n<div class=\"title-h1\" style=\"text-align: center;\"><span style=\"color: #ffffff;\"><span style=\"color: #27ffe3;\">g<\/span><span style=\"color: #00cde7;\">e<\/span><span style=\"color: #917bea;\">t<\/span> in touch!<\/span><\/div>\n<p>[\/vc_column_text]<div class=\"clearboth\"><\/div><style>#thegem-divider-69fa1ba8b61d8 {margin-top: 35px !important;}<\/style><div id=\"thegem-divider-69fa1ba8b61d8\" class=\"gem-divider  \" style=\"\" ><\/div>[vc_row_inner css=&#8221;.vc_custom_1565777823226{margin-bottom: 0px !important;}&#8221;][vc_column_inner offset=&#8221;vc_col-lg-offset-1\/5 vc_col-lg-3\/5&#8243; css=&#8221;.vc_custom_1565779945111{padding-top: 0px !important;}&#8221;][vc_column_text]<\/p>\n<div class=\"styled-subtitle\" style=\"text-align: center;\"><span style=\"color: #ffffff;\">\u0647\u0644 \u0644\u062f\u064a\u0643 \u0645\u0634\u0631\u0648\u0639 \u062a\u0639\u062a\u0642\u062f \u0623\u0646\u0646\u0627 \u0633\u0646\u062d\u0628\u0647 \u060c \u0623\u0648 \u0631\u0628\u0645\u0627 \u062a\u0631\u063a\u0628 \u0641\u0642\u0637 \u0641\u064a \u0625\u0644\u0642\u0627\u0621 \u0627\u0644\u062a\u062d\u064a\u0629 \u0639\u0644\u064a\u0646\u0627\u061f<\/span><\/div>\n<p>[\/vc_column_text][\/vc_column_inner][\/vc_row_inner]<div class=\"clearboth\"><\/div><style>#thegem-divider-69fa1ba8b61f8 {margin-top: 45px !important;}<\/style><div id=\"thegem-divider-69fa1ba8b61f8\" class=\"gem-divider  \" style=\"\" ><\/div>\n<div class=\"wpcf7 no-js\" id=\"wpcf7-f72-o1\" lang=\"en-US\" dir=\"ltr\" data-wpcf7-id=\"72\">\n<div class=\"screen-reader-response\"><p role=\"status\" aria-live=\"polite\" aria-atomic=\"true\"><\/p> <ul><\/ul><\/div>\n<form action=\"\/ar\/wp-json\/wp\/v2\/pages\/2604#wpcf7-f72-o1\" method=\"post\" class=\"wpcf7-form init gem-contact-form-dark\" aria-label=\"Contact form\" novalidate=\"novalidate\" data-status=\"init\">\n<fieldset class=\"hidden-fields-container\"><legend class=\"screen-reader-text\">Hidden fields<\/legend><input type=\"hidden\" name=\"_wpcf7\" value=\"72\" \/><input type=\"hidden\" name=\"_wpcf7_version\" value=\"6.1.5\" \/><input type=\"hidden\" name=\"_wpcf7_locale\" value=\"en_US\" \/><input type=\"hidden\" name=\"_wpcf7_unit_tag\" value=\"wpcf7-f72-o1\" \/><input type=\"hidden\" name=\"_wpcf7_container_post\" value=\"0\" \/><input type=\"hidden\" name=\"_wpcf7_posted_data_hash\" value=\"\" \/>\n<\/fieldset>\n<div>\n<p class=\"col-md-4\"><span class=\"wpcf7-form-control-wrap\" data-name=\"your-name\"><input size=\"40\" maxlength=\"400\" class=\"wpcf7-form-control wpcf7-text wpcf7-validates-as-required\" aria-required=\"true\" aria-invalid=\"false\" placeholder=\"Name*\" value=\"\" type=\"text\" name=\"your-name\" \/><\/span><\/p>\n<p class=\"col-md-4\"><span class=\"wpcf7-form-control-wrap\" data-name=\"your-email\"><input size=\"40\" maxlength=\"400\" class=\"wpcf7-form-control wpcf7-email wpcf7-validates-as-required wpcf7-text wpcf7-validates-as-email\" aria-required=\"true\" aria-invalid=\"false\" placeholder=\"Email*\" value=\"\" type=\"email\" name=\"your-email\" \/><\/span><\/p>\n<p class=\"col-md-4\"><span class=\"wpcf7-form-control-wrap\" data-name=\"tel-606\"><input size=\"40\" maxlength=\"400\" class=\"wpcf7-form-control wpcf7-tel wpcf7-text wpcf7-validates-as-tel\" aria-invalid=\"false\" placeholder=\"Phone Number*\" value=\"\" type=\"tel\" name=\"tel-606\" \/><\/span> <\/p>\n<p class=\"col-md-12\"><span class=\"wpcf7-form-control-wrap\" data-name=\"your-message\"><textarea cols=\"40\" rows=\"10\" maxlength=\"2000\" class=\"wpcf7-form-control wpcf7-textarea\" aria-invalid=\"false\" placeholder=\"Message\" name=\"your-message\"><\/textarea><\/span><\/p>\n<p><style type=\"text\/css\">.thegem-button-69fa1ba8b774a2414 .gem-button svg {fill: #10d7e5;}.thegem-button-69fa1ba8b774a2414 .gem-button:hover svg {fill: #212331;}<\/style><div class=\"gem-button-container gem-button-position-center thegem-button-69fa1ba8b774a2414\"  ><input class=\"gem-button gem-button-size-medium gem-button-style-outline gem-button-text-weight-normal gem-button-border-2 wpcf7-form-control wpcf7-submit has-spinner gem-button-wpcf-custom\" data-ll-effect=\"drop-right-without-wrap\" style=\"border-radius: 0px;border-color: #10d7e5;color: #10d7e5;\" onmouseleave=\"this.style.borderColor='#10d7e5';this.style.backgroundColor='transparent';this.style.color='#10d7e5';\" onmouseenter=\"this.style.backgroundColor='#10d7e5';this.style.color='#212331';\" id=\"\" tabindex=\"\" type=\"submit\" value=\"Submit Message\" \/><\/div>\n<\/div><div class=\"wpcf7-response-output\" aria-hidden=\"true\"><\/div>\n<\/form>\n<\/div>\n<div class=\"clearboth\"><\/div><style>#thegem-divider-69fa1ba8b8291 {margin-top: 115px !important;}<\/style><div id=\"thegem-divider-69fa1ba8b8291\" class=\"gem-divider  \" style=\"\" ><\/div><\/div><\/div><\/div>[\/vc_column][\/vc_row]<\/p>\n<\/div>","protected":false},"excerpt":{"rendered":"<p>[vc_row css=&#8221;.vc_custom_1565770782473{margin-bottom: 0px !important;}&#8221;][vc_column][vc_column_text] \u0645\u0639\u0644\u0648\u0645\u0627\u062a \u0644\u0644\u062a\u0648\u0627\u0635\u0644: [\/vc_column_text][vc_column_text] \u062a\u0627\u0628\u0639\u0646\u0627 \u0639\u0628\u0631 \u0648\u0633\u0627\u0626\u0644 \u0627\u0644\u062a\u0648\u0627\u0635\u0644 \u0627\u0644\u0623\u062c\u062a\u0645\u0627\u0639\u064a [\/vc_column_text][\/vc_column][\/vc_row][vc_row][vc_column][\/vc_column][\/vc_row][vc_row css=&#8221;.vc_custom_1565777566414{margin-bottom: 0px !important;}&#8221;][vc_column css=&#8221;.vc_custom_1565777655598{padding-top: 0px !important;}&#8221;][\/vc_column][\/vc_row]<\/p>\n","protected":false},"author":1,"featured_media":0,"parent":0,"menu_order":0,"comment_status":"closed","ping_status":"closed","template":"","meta":{"footnotes":""},"class_list":["post-2604","page","type-page","status-publish"],"_links":{"self":[{"href":"https:\/\/teknopk.com\/ar\/wp-json\/wp\/v2\/pages\/2604","targetHints":{"allow":["GET"]}}],"collection":[{"href":"https:\/\/teknopk.com\/ar\/wp-json\/wp\/v2\/pages"}],"about":[{"href":"https:\/\/teknopk.com\/ar\/wp-json\/wp\/v2\/types\/page"}],"author":[{"embeddable":true,"href":"https:\/\/teknopk.com\/ar\/wp-json\/wp\/v2\/users\/1"}],"replies":[{"embeddable":true,"href":"https:\/\/teknopk.com\/ar\/wp-json\/wp\/v2\/comments?post=2604"}],"version-history":[{"count":0,"href":"https:\/\/teknopk.com\/ar\/wp-json\/wp\/v2\/pages\/2604\/revisions"}],"wp:attachment":[{"href":"https:\/\/teknopk.com\/ar\/wp-json\/wp\/v2\/media?parent=2604"}],"curies":[{"name":"wp","href":"https:\/\/api.w.org\/{rel}","templated":true}]}}